{"id":4052,"date":"2021-12-14T21:08:23","date_gmt":"2021-12-14T21:08:23","guid":{"rendered":"https:\/\/mediawrap.net\/?page_id=4052"},"modified":"2022-11-08T19:16:05","modified_gmt":"2022-11-08T19:16:05","slug":"home","status":"publish","type":"page","link":"http:\/\/mediawrap.net\/en\/home\/","title":{"rendered":"Home"},"content":{"rendered":"<p>[vc_row gap=\u00bb20&#8243; shadow_x_offset=\u00bb0&#8243; shadow_y_offset=\u00bb0&#8243; shadow_blur=\u00bb0&#8243; shadow_spread=\u00bb0&#8243;][vc_column][rev_slider slidertitle=\u00bbhome 1&#8243; alias=\u00bbhome1&#8243;][stm_icon_separator icon_color=\u00bbstc\u00bb icon_size=\u00bb16&#8243; css=\u00bb.vc_custom_1639520141993{padding-top: 35px !important;padding-bottom: 10px !important;}\u00bb icon=\u00bbfas fa-video\u00bb][vc_video link=\u00bbhttps:\/\/www.youtube.com\/watch?v=aa4wxiarvzQ\u00bb align=\u00bbcenter\u00bb][\/vc_column][\/vc_row][vc_row gap=\u00bb35&#8243; shadow_x_offset=\u00bb0&#8243; shadow_y_offset=\u00bb0&#8243; shadow_blur=\u00bb0&#8243; shadow_spread=\u00bb0&#8243; shadow_color=\u00bb\u00bb][vc_column width=\u00bb1\/2&#8243; shadow_x_offset=\u00bb0&#8243; shadow_y_offset=\u00bb0&#8243; shadow_blur=\u00bb0&#8243; shadow_spread=\u00bb0&#8243; shadow_color=\u00bb\u00bb][vc_single_image image=\u00bb4061&#8243; img_size=\u00bbfull\u00bb][\/vc_column][vc_column width=\u00bb1\/2&#8243; shadow_x_offset=\u00bb0&#8243; shadow_y_offset=\u00bb0&#8243; shadow_blur=\u00bb0&#8243; shadow_spread=\u00bb0&#8243; shadow_color=\u00bb\u00bb][vc_column_text]<\/p>\n<h2 style=\"text-align: left;\">\u00bfQUI\u00c9NES SOMOS?<\/h2>\n<p>[\/vc_column_text][vc_column_text]SOMOS UNA COMPA\u00d1\u00cdA QUE POR M\u00c1S DE 21 A\u00d1OS DE EXPERIENCIA CONTINUAMOS BRINDANDO SERVICIOS DE PRODUCCI\u00d3N AUDIOVISUAL PARA CONTENIDO COMERCIAL Y CORPORATIVO.[\/vc_column_text][\/vc_column][\/vc_row][vc_row gap=\u00bb35&#8243; shadow_x_offset=\u00bb0&#8243; shadow_y_offset=\u00bb0&#8243; shadow_blur=\u00bb0&#8243; shadow_spread=\u00bb0&#8243;][vc_column][vc_column_text]<\/p>\n<h2 style=\"text-align: center;\">NUESTROS SERVICIOS<\/h2>\n<p>[\/vc_column_text][\/vc_column][\/vc_row][vc_row][vc_column width=\u00bb1\/2&#8243;][vc_column_text]<\/p>\n<h4><strong>GRABACI\u00d3N<\/strong><\/h4>\n<p>TRASMITIMOS CON EQUIPOS DE LA M\u00c1S ALTA CALIDAD GARANTIZANDO UNA IMAGEN EN ALTA DEFINICI\u00d3N.<\/p>\n<h4><strong>EDICI\u00d3N<\/strong><\/h4>\n<p>REVISAMOS CADA FRAGMENTO DEL CONTENIDO CON NUESTROS EXPERTOS.<\/p>\n<h4><strong>SISTEMA DE SONIDO<\/strong><\/h4>\n<p>CONTAMOS CON UNA COMBINACI\u00d3N DE EQUIPOS Y REFUERZOS ESPECIALIZADOS PARA PROCESAR Y OBTENER EL MEJOR AUDIO.<\/p>\n<h4><strong>FOTOGRAF\u00cdA<\/strong><\/h4>\n<p>CAPTAMOS CADA MOMENTO CON EQUIPOS PROFESIONALES GARANTIZANDO UNA IMAGEN DE ALTA CALIDAD.[\/vc_column_text][vc_column_text]<\/p>\n<h4><strong>ASESOR\u00cdA DE PRODUCCI\u00d3N T\u00c9CNICA<\/strong><\/h4>\n<p>NUESTRO EQUIPO PROFESIONAL ALTAMENTE CAPACITADO TE AYUDAR\u00c1 A ALCANZAR TUS METAS.<\/p>\n<h4><strong>ALQUILER DE EQUIPOS DE PRODUCCI\u00d3N<\/strong><\/h4>\n<p>CONTAMOS CON UNA EXTENSA VARIEDAD DE EQUIPO PROFESIONAL PARA ALQUILER.<\/p>\n<h4><strong>ALQUILER DE TELEPROMPTERS<\/strong><\/h4>\n<p>CONTAMOS CON UNA VARIEDAD DE TELEPROMPTERS, DE F\u00c1CIL MANEJO PARA TODO TIPO DE ACTIVIDADES.[\/vc_column_text][\/vc_column][vc_column width=\u00bb1\/2&#8243;][vc_single_image image=\u00bb4069&#8243; img_size=\u00bbfull\u00bb alignment=\u00bbcenter\u00bb][\/vc_column][\/vc_row][vc_row full_width=\u00bbstretch_row_content_no_spaces\u00bb shadow_x_offset=\u00bb0&#8243; shadow_y_offset=\u00bb0&#8243; shadow_blur=\u00bb0&#8243; shadow_spread=\u00bb0&#8243; shadow_color=\u00bb\u00bb css=\u00bb.vc_custom_1639673489754{background-image: url(http:\/\/mediawrap.net\/wp-content\/uploads\/2021\/12\/bg1.png?id=4092) !important;}\u00bb][vc_column width=\u00bb1\/3&#8243;][stm_spacer height=\u00bb32&#8243;][vc_single_image image=\u00bb4065&#8243; img_size=\u00bbfull\u00bb alignment=\u00bbcenter\u00bb][\/vc_column][vc_column width=\u00bb1\/2&#8243;][stm_spacer height=\u00bb32&#8243;][vc_column_text]<\/p>\n<h2><span style=\"color: #ffffff;\">NUESTRO EQUIPO<\/span><\/h2>\n<p><span style=\"color: #ffffff;\">SOMOS UN EQUIPO PROFESIONAL ALTAMENTE CUALIFICADO. NOS APASIONA PRODUCIR CONCEPTOS CREATIVOS E INNOVADORES QUE SUPEREN LAS EXPECTATIVAS DE NUESTROS CLIENTES Y LA IMPLICACI\u00d3N TOTAL DE TODO TIPO DE EVENTOS.<\/span>[\/vc_column_text][vc_column_text]<\/p>\n<h2><span style=\"color: #ffffff;\">CONT\u00c0CTENOS<\/span><\/h2>\n<p>[\/vc_column_text][vc_column_text]<span style=\"color: #ffffff;\">\u00a1NOS CONVERTIMOS EN PARTE DE TU EQUIPO!, SERVIMOS CON PASI\u00d3N Y COMPROMISO. TU \u00c9XITO ES EL NUESTRO.<\/span>[\/vc_column_text][wpforms id=\u00bb4104&#8243; title=\u00bbfalse\u00bb description=\u00bbfalse\u00bb][\/vc_column][vc_column width=\u00bb1\/5&#8243;][\/vc_column][\/vc_row]<\/p>","protected":false},"excerpt":{"rendered":"<p>[vc_row gap=\u00bb20&#8243; shadow_x_offset=\u00bb0&#8243; shadow_y_offset=\u00bb0&#8243; shadow_blur=\u00bb0&#8243; shadow_spread=\u00bb0&#8243;][vc_column][rev_slider slidertitle=\u00bbhome 1&#8243; alias=\u00bbhome1&#8243;][stm_icon_separator icon_color=\u00bbstc\u00bb icon_size=\u00bb16&#8243; css=\u00bb.vc_custom_1639520141993{padding-top: 35px !important;padding-bottom: 10px !important;}\u00bb icon=\u00bbfas fa-video\u00bb][vc_video link=\u00bbhttps:\/\/www.youtube.com\/watch?v=aa4wxiarvzQ\u00bb align=\u00bbcenter\u00bb][\/vc_column][\/vc_row][vc_row gap=\u00bb35&#8243; shadow_x_offset=\u00bb0&#8243; shadow_y_offset=\u00bb0&#8243; shadow_blur=\u00bb0&#8243; shadow_spread=\u00bb0&#8243; shadow_color=\u00bb\u00bb][vc_column width=\u00bb1\/2&#8243; shadow_x_offset=\u00bb0&#8243; shadow_y_offset=\u00bb0&#8243; shadow_blur=\u00bb0&#8243; shadow_spread=\u00bb0&#8243; shadow_color=\u00bb\u00bb][vc_single_image image=\u00bb4061&#8243; img_size=\u00bbfull\u00bb][\/vc_column][vc_column width=\u00bb1\/2&#8243; shadow_x_offset=\u00bb0&#8243; shadow_y_offset=\u00bb0&#8243; shadow_blur=\u00bb0&#8243; shadow_spread=\u00bb0&#8243; shadow_color=\u00bb\u00bb][vc_column_text] \u00bfQUI\u00c9NES SOMOS? [\/vc_column_text][vc_column_text]SOMOS UNA COMPA\u00d1\u00cdA QUE POR M\u00c1S DE 21 A\u00d1OS DE EXPERIENCIA CONTINUAMOS BRINDANDO SERVICIOS DE PRODUCCI\u00d3N AUDIOVISUAL PARA CONTENIDO COMERCIAL Y CORPORATIVO.[\/vc_column_text][\/vc_column][\/vc_row][vc_row gap=\u00bb35&#8243; shadow_x_offset=\u00bb0&#8243; shadow_y_offset=\u00bb0&#8243; shadow_blur=\u00bb0&#8243; shadow_spread=\u00bb0&#8243;][vc_column][vc_column_text] NUESTROS SERVICIOS [\/vc_column_text][\/vc_column][\/vc_row][vc_row][vc_column width=\u00bb1\/2&#8243;][vc_column_text] GRABACI\u00d3N TRASMITIMOS CON EQUIPOS DE LA M\u00c1S ALTA CALIDAD GARANTIZANDO UNA IMAGEN EN ALTA DEFINICI\u00d3N. EDICI\u00d3N REVISAMOS CADA FRAGMENTO DEL CONTENIDO CON NUESTROS EXPERTOS. SISTEMA DE SONIDO CONTAMOS CON UNA COMBINACI\u00d3N DE EQUIPOS Y REFUERZOS ESPECIALIZADOS PARA PROCESAR Y OBTENER EL MEJOR AUDIO. FOTOGRAF\u00cdA CAPTAMOS CADA MOMENTO CON EQUIPOS PROFESIONALES GARANTIZANDO UNA IMAGEN DE ALTA CALIDAD.[\/vc_column_text][vc_column_text] ASESOR\u00cdA DE PRODUCCI\u00d3N T\u00c9CNICA NUESTRO EQUIPO PROFESIONAL ALTAMENTE CAPACITADO TE AYUDAR\u00c1 A ALCANZAR TUS METAS. ALQUILER DE EQUIPOS DE PRODUCCI\u00d3N CONTAMOS CON UNA EXTENSA VARIEDAD DE EQUIPO PROFESIONAL PARA ALQUILER. ALQUILER DE TELEPROMPTERS CONTAMOS CON UNA VARIEDAD DE TELEPROMPTERS, DE F\u00c1CIL MANEJO PARA TODO TIPO DE ACTIVIDADES.[\/vc_column_text][\/vc_column][vc_column width=\u00bb1\/2&#8243;][vc_single_image image=\u00bb4069&#8243; img_size=\u00bbfull\u00bb alignment=\u00bbcenter\u00bb][\/vc_column][\/vc_row][vc_row full_width=\u00bbstretch_row_content_no_spaces\u00bb shadow_x_offset=\u00bb0&#8243; shadow_y_offset=\u00bb0&#8243; shadow_blur=\u00bb0&#8243; shadow_spread=\u00bb0&#8243; shadow_color=\u00bb\u00bb css=\u00bb.vc_custom_1639673489754{background-image: url(http:\/\/mediawrap.net\/wp-content\/uploads\/2021\/12\/bg1.png?id=4092) !important;}\u00bb][vc_column width=\u00bb1\/3&#8243;][stm_spacer height=\u00bb32&#8243;][vc_single_image image=\u00bb4065&#8243; img_size=\u00bbfull\u00bb alignment=\u00bbcenter\u00bb][\/vc_column][vc_column width=\u00bb1\/2&#8243;][stm_spacer height=\u00bb32&#8243;][vc_column_text] NUESTRO EQUIPO SOMOS UN EQUIPO PROFESIONAL ALTAMENTE CUALIFICADO. NOS APASIONA PRODUCIR CONCEPTOS CREATIVOS E INNOVADORES QUE SUPEREN LAS EXPECTATIVAS DE NUESTROS CLIENTES Y LA IMPLICACI\u00d3N TOTAL DE TODO TIPO DE EVENTOS.[\/vc_column_text][vc_column_text] CONT\u00c0CTENOS [\/vc_column_text][vc_column_text]\u00a1NOS CONVERTIMOS EN PARTE DE TU EQUIPO!, SERVIMOS CON PASI\u00d3N Y COMPROMISO. TU \u00c9XITO ES EL NUESTRO.[\/vc_column_text][wpforms id=\u00bb4104&#8243; title=\u00bbfalse\u00bb description=\u00bbfalse\u00bb][\/vc_column][vc_column width=\u00bb1\/5&#8243;][\/vc_column][\/vc_row]<\/p>","protected":false},"author":1,"featured_media":0,"parent":0,"menu_order":0,"comment_status":"closed","ping_status":"closed","template":"","meta":{"_eb_attr":"","om_disable_all_campaigns":false,"_monsterinsights_skip_tracking":false,"_monsterinsights_sitenote_active":false,"_monsterinsights_sitenote_note":"","_monsterinsights_sitenote_category":0,"_tbt_post_transparent":"","_tbt_post_title":"","_tbt_post_layout":"","_tbt_post_sidebar_id":"","_tbt_post_content_style":"","_tbt_post_vertical_padding":"","_tbt_post_feature":"","_tbt_post_feature_position":"","_tbt_post_header":false,"_tbt_post_footer":false},"class_list":["post-4052","page","type-page","status-publish","hentry"],"aioseo_notices":[],"_links":{"self":[{"href":"http:\/\/mediawrap.net\/en\/wp-json\/wp\/v2\/pages\/4052","targetHints":{"allow":["GET"]}}],"collection":[{"href":"http:\/\/mediawrap.net\/en\/wp-json\/wp\/v2\/pages"}],"about":[{"href":"http:\/\/mediawrap.net\/en\/wp-json\/wp\/v2\/types\/page"}],"author":[{"embeddable":true,"href":"http:\/\/mediawrap.net\/en\/wp-json\/wp\/v2\/users\/1"}],"replies":[{"embeddable":true,"href":"http:\/\/mediawrap.net\/en\/wp-json\/wp\/v2\/comments?post=4052"}],"version-history":[{"count":41,"href":"http:\/\/mediawrap.net\/en\/wp-json\/wp\/v2\/pages\/4052\/revisions"}],"predecessor-version":[{"id":4130,"href":"http:\/\/mediawrap.net\/en\/wp-json\/wp\/v2\/pages\/4052\/revisions\/4130"}],"wp:attachment":[{"href":"http:\/\/mediawrap.net\/en\/wp-json\/wp\/v2\/media?parent=4052"}],"curies":[{"name":"wp","href":"https:\/\/api.w.org\/{rel}","templated":true}]}}